{"id":1257,"date":"2020-09-22T15:30:59","date_gmt":"2020-09-22T13:30:59","guid":{"rendered":"http:\/\/shop.museum-mb.si\/?page_id=1257"},"modified":"2020-10-26T00:35:51","modified_gmt":"2020-10-25T22:35:51","slug":"varuh-vecnosti","status":"publish","type":"page","link":"https:\/\/shop.museum-mb.si\/en\/varuh-vecnosti\/","title":{"rendered":"Guardian of eternity"},"content":{"rendered":"\t\t<div data-elementor-type=\"wp-page\" data-elementor-id=\"1257\" class=\"elementor elementor-1257\" data-elementor-post-type=\"page\">\n\t\t\t\t\t\t<section class=\"elementor-section elementor-top-section elementor-element elementor-element-408f5518 elementor-section-full_width elementor-section-stretched elementor-section-height-default elementor-section-height-default\" data-id=\"408f5518\" data-element_type=\"section\" data-settings=\"{&quot;stretch_section&quot;:&quot;section-stretched&quot;,&quot;jet_parallax_layout_list&quot;:[{&quot;jet_parallax_layout_image&quot;:{&quot;url&quot;:&quot;&quot;,&quot;id&quot;:&quot;&quot;,&quot;size&quot;:&quot;&quot;},&quot;_id&quot;:&quot;1746805&quot;,&quot;jet_parallax_layout_image_tablet&quot;:{&quot;url&quot;:&quot;&quot;,&quot;id&quot;:&quot;&quot;,&quot;size&quot;:&quot;&quot;},&quot;jet_parallax_layout_image_mobile&quot;:{&quot;url&quot;:&quot;&quot;,&quot;id&quot;:&quot;&quot;,&quot;size&quot;:&quot;&quot;},&quot;jet_parallax_layout_speed&quot;:{&quot;unit&quot;:&quot;%&quot;,&quot;size&quot;:50,&quot;sizes&quot;:[]},&quot;jet_parallax_layout_type&quot;:&quot;scroll&quot;,&quot;jet_parallax_layout_direction&quot;:&quot;1&quot;,&quot;jet_parallax_layout_fx_direction&quot;:null,&quot;jet_parallax_layout_z_index&quot;:&quot;&quot;,&quot;jet_parallax_layout_bg_x&quot;:50,&quot;jet_parallax_layout_bg_x_tablet&quot;:&quot;&quot;,&quot;jet_parallax_layout_bg_x_mobile&quot;:&quot;&quot;,&quot;jet_parallax_layout_bg_y&quot;:50,&quot;jet_parallax_layout_bg_y_tablet&quot;:&quot;&quot;,&quot;jet_parallax_layout_bg_y_mobile&quot;:&quot;&quot;,&quot;jet_parallax_layout_bg_size&quot;:&quot;auto&quot;,&quot;jet_parallax_layout_bg_size_tablet&quot;:&quot;&quot;,&quot;jet_parallax_layout_bg_size_mobile&quot;:&quot;&quot;,&quot;jet_parallax_layout_animation_prop&quot;:&quot;transform&quot;,&quot;jet_parallax_layout_on&quot;:[&quot;desktop&quot;,&quot;tablet&quot;]}],&quot;background_background&quot;:&quot;classic&quot;}\">\n\t\t\t\t\t\t<div class=\"elementor-container elementor-column-gap-default\">\n\t\t\t\t\t<div class=\"elementor-column elementor-col-100 elementor-top-column elementor-element elementor-element-5d0aa714\" data-id=\"5d0aa714\" data-element_type=\"column\">\n\t\t\t<div class=\"elementor-widget-wrap elementor-element-populated\">\n\t\t\t\t\t\t<div class=\"elementor-element elementor-element-22c9db3c elementor-widget-divider--view-line elementor-widget elementor-widget-divider\" data-id=\"22c9db3c\" data-element_type=\"widget\" data-widget_type=\"divider.default\">\n\t\t\t\t<div class=\"elementor-widget-container\">\n\t\t\t\t\t\t\t<div class=\"elementor-divider\">\n\t\t\t<span class=\"elementor-divider-separator\">\n\t\t\t\t\t\t<\/span>\n\t\t<\/div>\n\t\t\t\t\t\t<\/div>\n\t\t\t\t<\/div>\n\t\t\t\t<div class=\"elementor-element elementor-element-747ee6dc elementor-widget elementor-widget-heading\" data-id=\"747ee6dc\" data-element_type=\"widget\" data-widget_type=\"heading.default\">\n\t\t\t\t<div class=\"elementor-widget-container\">\n\t\t\t\t\t<h2 class=\"elementor-heading-title elementor-size-default\">Varuh ve\u010dnosti<\/h2>\t\t\t\t<\/div>\n\t\t\t\t<\/div>\n\t\t\t\t<div class=\"elementor-element elementor-element-1d4c8670 elementor-widget elementor-widget-text-editor\" data-id=\"1d4c8670\" data-element_type=\"widget\" data-widget_type=\"text-editor.default\">\n\t\t\t\t<div class=\"elementor-widget-container\">\n\t\t\t\t\t\t\t\t\tKolekcija\t\t\t\t\t\t\t\t<\/div>\n\t\t\t\t<\/div>\n\t\t\t\t\t<\/div>\n\t\t<\/div>\n\t\t\t\t\t<\/div>\n\t\t<\/section>\n\t\t\t\t<section class=\"elementor-section elementor-top-section elementor-element elementor-element-b1fc58d elementor-section-boxed elementor-section-height-default elementor-section-height-default\" data-id=\"b1fc58d\" data-element_type=\"section\" data-settings=\"{&quot;jet_parallax_layout_list&quot;:[{&quot;_id&quot;:&quot;2973f64&quot;,&quot;jet_parallax_layout_image&quot;:{&quot;url&quot;:&quot;&quot;,&quot;id&quot;:&quot;&quot;,&quot;size&quot;:&quot;&quot;},&quot;jet_parallax_layout_image_tablet&quot;:{&quot;url&quot;:&quot;&quot;,&quot;id&quot;:&quot;&quot;,&quot;size&quot;:&quot;&quot;},&quot;jet_parallax_layout_image_mobile&quot;:{&quot;url&quot;:&quot;&quot;,&quot;id&quot;:&quot;&quot;,&quot;size&quot;:&quot;&quot;},&quot;jet_parallax_layout_speed&quot;:{&quot;unit&quot;:&quot;%&quot;,&quot;size&quot;:50,&quot;sizes&quot;:[]},&quot;jet_parallax_layout_type&quot;:&quot;scroll&quot;,&quot;jet_parallax_layout_direction&quot;:&quot;1&quot;,&quot;jet_parallax_layout_fx_direction&quot;:null,&quot;jet_parallax_layout_z_index&quot;:&quot;&quot;,&quot;jet_parallax_layout_bg_x&quot;:50,&quot;jet_parallax_layout_bg_x_tablet&quot;:&quot;&quot;,&quot;jet_parallax_layout_bg_x_mobile&quot;:&quot;&quot;,&quot;jet_parallax_layout_bg_y&quot;:50,&quot;jet_parallax_layout_bg_y_tablet&quot;:&quot;&quot;,&quot;jet_parallax_layout_bg_y_mobile&quot;:&quot;&quot;,&quot;jet_parallax_layout_bg_size&quot;:&quot;auto&quot;,&quot;jet_parallax_layout_bg_size_tablet&quot;:&quot;&quot;,&quot;jet_parallax_layout_bg_size_mobile&quot;:&quot;&quot;,&quot;jet_parallax_layout_animation_prop&quot;:&quot;transform&quot;,&quot;jet_parallax_layout_on&quot;:[&quot;desktop&quot;,&quot;tablet&quot;]}]}\">\n\t\t\t\t\t\t<div class=\"elementor-container elementor-column-gap-default\">\n\t\t\t\t\t<div class=\"elementor-column elementor-col-100 elementor-top-column elementor-element elementor-element-294b46ca\" data-id=\"294b46ca\" data-element_type=\"column\">\n\t\t\t<div class=\"elementor-widget-wrap elementor-element-populated\">\n\t\t\t\t\t\t<div class=\"elementor-element elementor-element-45f963ef elementor-widget elementor-widget-jet-woo-products\" data-id=\"45f963ef\" data-element_type=\"widget\" data-settings=\"{&quot;columns&quot;:&quot;3&quot;,&quot;columns_tablet&quot;:&quot;2&quot;}\" data-widget_type=\"jet-woo-products.default\">\n\t\t\t\t<div class=\"elementor-widget-container\">\n\t\t\t\t\t<div class=\"elementor-jet-woo-products jet-woo-builder\"><div class=\"jet-woo-products jet-woo-products--preset-1 col-row  \" data-mobile-hover=\"\" >\n<div class=\"jet-woo-products__item jet-woo-builder-product jet-woo-thumb-with-effect\" data-product-id=\"636\">\n\t<div class=\"jet-woo-products__inner-box\"  >\n\t\t\n<div class=\"jet-woo-product-thumbnail\">\n\t\n\t<a href=\"https:\/\/shop.museum-mb.si\/en\/product\/micro-krpica-za-ocala-varuh-vecnosti\/\"><img fetchpriority=\"high\" decoding=\"async\" width=\"300\" height=\"300\" src=\"https:\/\/shop.museum-mb.si\/wp-content\/uploads\/2020\/09\/17-3-300x300.png\" class=\"attachment-shop_thumbnail size-shop_thumbnail\" alt=\"\" data-no-lazy=\"1\" loading=\"auto\" \/><\/a>\n\t<div class=\"jet-woo-product-img-overlay\"><\/div>\n\n\t\n\t<\/div>\n<div class=\"jet-woo-product-categories\">\n\t<ul><li><a href=\"https:\/\/shop.museum-mb.si\/en\/product-category\/veselje\/micro-krpica\/\" rel=\"tag\">Micro krpice<\/a><span class=\"separator\">&#044;&nbsp;<\/span><\/li><li><a href=\"https:\/\/shop.museum-mb.si\/en\/product-category\/veselje\/\" rel=\"tag\">VESELJE<\/a><\/li><\/ul>\n<\/div><h5 class=\"jet-woo-product-title\"><a href=\"https:\/\/shop.museum-mb.si\/en\/product\/micro-krpica-za-ocala-varuh-vecnosti\/\">Micro krpica za o\u010dal...<\/a><\/h5>\n<div class=\"jet-woo-product-price\">\n\t<span class=\"price\"><span class=\"woocommerce-Price-amount amount\">2.40&nbsp;<span class=\"woocommerce-Price-currencySymbol\">&euro;<\/span><\/span><\/span>\n<\/div>\n<div class=\"jet-woo-product-button\">\n\t<a href=\"\/en\/wp-json\/wp\/v2\/pages\/1257?add-to-cart=636\" aria-describedby=\"woocommerce_loop_add_to_cart_link_describedby_636\" data-quantity=\"1\" class=\"button product_type_simple add_to_cart_button ajax_add_to_cart\" data-product_id=\"636\" data-product_sku=\"\" aria-label=\"Add to basket: &ldquo;Micro krpica za o\u010dala VARUH VE\u010cNOSTI&rdquo;\" rel=\"nofollow\">BUY<\/a>\t<span id=\"woocommerce_loop_add_to_cart_link_describedby_636\" class=\"screen-reader-text\">\n\t\t\t<\/span>\n<\/div>\n<div class=\"jet-woo-products-cqw-wrapper\">\n\t<\/div>\t<\/div>\n\n\t<\/div>\n<div class=\"jet-woo-products__item jet-woo-builder-product jet-woo-thumb-with-effect\" data-product-id=\"687\">\n\t<div class=\"jet-woo-products__inner-box\"  >\n\t\t\n<div class=\"jet-woo-product-thumbnail\">\n\t\n\t<a href=\"https:\/\/shop.museum-mb.si\/en\/product\/majica-baby-angel-varuh-vecnosti\/\"><img decoding=\"async\" width=\"300\" height=\"300\" src=\"https:\/\/shop.museum-mb.si\/wp-content\/uploads\/2020\/09\/45-300x300.png\" class=\"attachment-shop_thumbnail size-shop_thumbnail\" alt=\"\" data-no-lazy=\"1\" loading=\"auto\" \/><\/a>\n\t<div class=\"jet-woo-product-img-overlay\"><\/div>\n\n\t\n\t<\/div>\n<div class=\"jet-woo-product-categories\">\n\t<ul><li><a href=\"https:\/\/shop.museum-mb.si\/en\/product-category\/moj-srcek\/majica-moj-srcek\/\" rel=\"tag\">Majice<\/a><span class=\"separator\">&#044;&nbsp;<\/span><\/li><li><a href=\"https:\/\/shop.museum-mb.si\/en\/product-category\/moj-srcek\/\" rel=\"tag\">SR\u010cEK MOJ<\/a><\/li><\/ul>\n<\/div><h5 class=\"jet-woo-product-title\"><a href=\"https:\/\/shop.museum-mb.si\/en\/product\/majica-baby-angel-varuh-vecnosti\/\">Majica BABY ANGEL VA...<\/a><\/h5>\n<div class=\"jet-woo-product-price\">\n\t<span class=\"price\"><span class=\"woocommerce-Price-amount amount\">14.90&nbsp;<span class=\"woocommerce-Price-currencySymbol\">&euro;<\/span><\/span><\/span>\n<\/div>\n<div class=\"jet-woo-product-button\">\n\t<a href=\"https:\/\/shop.museum-mb.si\/en\/product\/majica-baby-angel-varuh-vecnosti\/\" aria-describedby=\"woocommerce_loop_add_to_cart_link_describedby_687\" data-quantity=\"1\" class=\"button product_type_variable add_to_cart_button\" data-product_id=\"687\" data-product_sku=\"\" aria-label=\"Select options for &ldquo;Majica BABY ANGEL VARUH VE\u010cNOSTI&rdquo;\" rel=\"nofollow\">Buy<\/a>\t<span id=\"woocommerce_loop_add_to_cart_link_describedby_687\" class=\"screen-reader-text\">\n\t\tThis product has multiple variants. The options may be chosen on the product page\t<\/span>\n<\/div>\n<div class=\"jet-woo-products-cqw-wrapper\">\n\t<\/div>\t<\/div>\n\n\t<\/div>\n<div class=\"jet-woo-products__item jet-woo-builder-product jet-woo-thumb-with-effect\" data-product-id=\"516\">\n\t<div class=\"jet-woo-products__inner-box\"  >\n\t\t\n<div class=\"jet-woo-product-thumbnail\">\n\t\n\t<a href=\"https:\/\/shop.museum-mb.si\/en\/product\/majica-varuh-vecnosti\/\"><img decoding=\"async\" width=\"300\" height=\"300\" src=\"https:\/\/shop.museum-mb.si\/wp-content\/uploads\/2020\/09\/61-1-1-e1602110918368-300x300.png\" class=\"attachment-shop_thumbnail size-shop_thumbnail\" alt=\"\" data-no-lazy=\"1\" loading=\"auto\" \/><\/a>\n\t<div class=\"jet-woo-product-img-overlay\"><\/div>\n\n\t\n\t<\/div>\n<div class=\"jet-woo-product-categories\">\n\t<ul><li><a href=\"https:\/\/shop.museum-mb.si\/en\/product-category\/veselje\/majica\/\" rel=\"tag\">Majice<\/a><span class=\"separator\">&#044;&nbsp;<\/span><\/li><li><a href=\"https:\/\/shop.museum-mb.si\/en\/product-category\/veselje\/\" rel=\"tag\">VESELJE<\/a><\/li><\/ul>\n<\/div><h5 class=\"jet-woo-product-title\"><a href=\"https:\/\/shop.museum-mb.si\/en\/product\/majica-varuh-vecnosti\/\">Majica VARUH VE\u010cNOST...<\/a><\/h5>\n<div class=\"jet-woo-product-price\">\n\t<span class=\"price\"><span class=\"woocommerce-Price-amount amount\">16.00&nbsp;<span class=\"woocommerce-Price-currencySymbol\">&euro;<\/span><\/span><\/span>\n<\/div>\n<div class=\"jet-woo-product-button\">\n\t<a href=\"https:\/\/shop.museum-mb.si\/en\/product\/majica-varuh-vecnosti\/\" aria-describedby=\"woocommerce_loop_add_to_cart_link_describedby_516\" data-quantity=\"1\" class=\"button product_type_variable add_to_cart_button\" data-product_id=\"516\" data-product_sku=\"\" aria-label=\"Select options for &ldquo;Majica VARUH VE\u010cNOSTI&rdquo;\" rel=\"nofollow\">Buy<\/a>\t<span id=\"woocommerce_loop_add_to_cart_link_describedby_516\" class=\"screen-reader-text\">\n\t\tThis product has multiple variants. The options may be chosen on the product page\t<\/span>\n<\/div>\n<div class=\"jet-woo-products-cqw-wrapper\">\n\t<\/div>\t<\/div>\n\n\t<\/div>\n<div class=\"jet-woo-products__item jet-woo-builder-product jet-woo-thumb-with-effect\" data-product-id=\"782\">\n\t<div class=\"jet-woo-products__inner-box\"  >\n\t\t\n<div class=\"jet-woo-product-thumbnail\">\n\t\n\t<a href=\"https:\/\/shop.museum-mb.si\/en\/product\/slincek-varuh-vecnosti\/\"><img decoding=\"async\" width=\"300\" height=\"300\" src=\"https:\/\/shop.museum-mb.si\/wp-content\/uploads\/2020\/09\/Untitled-design-26-300x300.png\" class=\"attachment-shop_thumbnail size-shop_thumbnail\" alt=\"\" data-no-lazy=\"1\" loading=\"auto\" \/><\/a>\n\t<div class=\"jet-woo-product-img-overlay\"><\/div>\n\n\t\n\t<\/div>\n<div class=\"jet-woo-product-categories\">\n\t<ul><li><a href=\"https:\/\/shop.museum-mb.si\/en\/product-category\/moj-srcek\/slincki\/\" rel=\"tag\">Slin\u010dki<\/a><span class=\"separator\">&#044;&nbsp;<\/span><\/li><li><a href=\"https:\/\/shop.museum-mb.si\/en\/product-category\/moj-srcek\/\" rel=\"tag\">SR\u010cEK MOJ<\/a><\/li><\/ul>\n<\/div><h5 class=\"jet-woo-product-title\"><a href=\"https:\/\/shop.museum-mb.si\/en\/product\/slincek-varuh-vecnosti\/\">Slin\u010dek VARUH VE\u010cNOS...<\/a><\/h5>\n<div class=\"jet-woo-product-price\">\n\t<span class=\"price\"><span class=\"woocommerce-Price-amount amount\">9.50&nbsp;<span class=\"woocommerce-Price-currencySymbol\">&euro;<\/span><\/span><\/span>\n<\/div>\n<div class=\"jet-woo-product-button\">\n\t<a href=\"\/en\/wp-json\/wp\/v2\/pages\/1257?add-to-cart=782\" aria-describedby=\"woocommerce_loop_add_to_cart_link_describedby_782\" data-quantity=\"1\" class=\"button product_type_simple add_to_cart_button ajax_add_to_cart\" data-product_id=\"782\" data-product_sku=\"\" aria-label=\"Add to basket: &ldquo;Slin\u010dek VARUH VE\u010cNOSTI&rdquo;\" rel=\"nofollow\">BUY<\/a>\t<span id=\"woocommerce_loop_add_to_cart_link_describedby_782\" class=\"screen-reader-text\">\n\t\t\t<\/span>\n<\/div>\n<div class=\"jet-woo-products-cqw-wrapper\">\n\t<\/div>\t<\/div>\n\n\t<\/div>\n<div class=\"jet-woo-products__item jet-woo-builder-product jet-woo-thumb-with-effect\" data-product-id=\"671\">\n\t<div class=\"jet-woo-products__inner-box\"  >\n\t\t\n<div class=\"jet-woo-product-thumbnail\">\n\t\n\t<a href=\"https:\/\/shop.museum-mb.si\/en\/product\/majica-kids-angel-varuh-vecnosti\/\"><img decoding=\"async\" width=\"300\" height=\"300\" src=\"https:\/\/shop.museum-mb.si\/wp-content\/uploads\/2020\/10\/Majica-KIDS-ANGEL-VARUH-VECNOSTI-300x300.png\" class=\"attachment-shop_thumbnail size-shop_thumbnail\" alt=\"\" data-no-lazy=\"1\" loading=\"auto\" \/><\/a>\n\t<div class=\"jet-woo-product-img-overlay\"><\/div>\n\n\t\n\t<\/div>\n<div class=\"jet-woo-product-categories\">\n\t<ul><li><a href=\"https:\/\/shop.museum-mb.si\/en\/product-category\/moj-srcek\/majica-moj-srcek\/\" rel=\"tag\">Majice<\/a><span class=\"separator\">&#044;&nbsp;<\/span><\/li><li><a href=\"https:\/\/shop.museum-mb.si\/en\/product-category\/moj-srcek\/\" rel=\"tag\">SR\u010cEK MOJ<\/a><\/li><\/ul>\n<\/div><h5 class=\"jet-woo-product-title\"><a href=\"https:\/\/shop.museum-mb.si\/en\/product\/majica-kids-angel-varuh-vecnosti\/\">Majica KIDS ANGEL VA...<\/a><\/h5>\n<div class=\"jet-woo-product-price\">\n\t<span class=\"price\"><span class=\"woocommerce-Price-amount amount\">12.00&nbsp;<span class=\"woocommerce-Price-currencySymbol\">&euro;<\/span><\/span><\/span>\n<\/div>\n<div class=\"jet-woo-product-button\">\n\t<a href=\"https:\/\/shop.museum-mb.si\/en\/product\/majica-kids-angel-varuh-vecnosti\/\" aria-describedby=\"woocommerce_loop_add_to_cart_link_describedby_671\" data-quantity=\"1\" class=\"button product_type_variable add_to_cart_button\" data-product_id=\"671\" data-product_sku=\"\" aria-label=\"Select options for &ldquo;Majica KIDS ANGEL VARUH VE\u010cNOSTI&rdquo;\" rel=\"nofollow\">Buy<\/a>\t<span id=\"woocommerce_loop_add_to_cart_link_describedby_671\" class=\"screen-reader-text\">\n\t\tThis product has multiple variants. The options may be chosen on the product page\t<\/span>\n<\/div>\n<div class=\"jet-woo-products-cqw-wrapper\">\n\t<\/div>\t<\/div>\n\n\t<\/div>\n<div class=\"jet-woo-products__item jet-woo-builder-product jet-woo-thumb-with-effect\" data-product-id=\"820\">\n\t<div class=\"jet-woo-products__inner-box\"  >\n\t\t\n<div class=\"jet-woo-product-thumbnail\">\n\t\n\t<a href=\"https:\/\/shop.museum-mb.si\/en\/product\/skodelica-varuh-vecnosti\/\"><img decoding=\"async\" width=\"300\" height=\"300\" src=\"https:\/\/shop.museum-mb.si\/wp-content\/uploads\/2020\/10\/11-300x300.png\" class=\"attachment-shop_thumbnail size-shop_thumbnail\" alt=\"\" data-no-lazy=\"1\" loading=\"auto\" \/><\/a>\n\t<div class=\"jet-woo-product-img-overlay\"><\/div>\n\n\t\n\t<\/div>\n<div class=\"jet-woo-product-categories\">\n\t<ul><li><a href=\"https:\/\/shop.museum-mb.si\/en\/product-category\/dom\/\" rel=\"tag\">DOM<\/a><span class=\"separator\">&#044;&nbsp;<\/span><\/li><li><a href=\"https:\/\/shop.museum-mb.si\/en\/product-category\/dom\/skodelice\/\" rel=\"tag\">SKODELICE<\/a><\/li><\/ul>\n<\/div><h5 class=\"jet-woo-product-title\"><a href=\"https:\/\/shop.museum-mb.si\/en\/product\/skodelica-varuh-vecnosti\/\">Skodelica VARUH VE\u010cN...<\/a><\/h5>\n<div class=\"jet-woo-product-price\">\n\t<span class=\"price\"><span class=\"woocommerce-Price-amount amount\">9.50&nbsp;<span class=\"woocommerce-Price-currencySymbol\">&euro;<\/span><\/span><\/span>\n<\/div>\n<div class=\"jet-woo-product-button\">\n\t<a href=\"\/en\/wp-json\/wp\/v2\/pages\/1257?add-to-cart=820\" aria-describedby=\"woocommerce_loop_add_to_cart_link_describedby_820\" data-quantity=\"1\" class=\"button product_type_simple add_to_cart_button ajax_add_to_cart\" data-product_id=\"820\" data-product_sku=\"\" aria-label=\"Add to basket: &ldquo;Skodelica VARUH VE\u010cNOSTI&rdquo;\" rel=\"nofollow\">BUY<\/a>\t<span id=\"woocommerce_loop_add_to_cart_link_describedby_820\" class=\"screen-reader-text\">\n\t\t\t<\/span>\n<\/div>\n<div class=\"jet-woo-products-cqw-wrapper\">\n\t<\/div>\t<\/div>\n\n\t<\/div><\/div>\n<\/div>\t\t\t\t<\/div>\n\t\t\t\t<\/div>\n\t\t\t\t\t<\/div>\n\t\t<\/div>\n\t\t\t\t\t<\/div>\n\t\t<\/section>\n\t\t\t\t<\/div>\n\t\t","protected":false},"excerpt":{"rendered":"<p>Varuh ve\u010dnosti Kolekcija Majice&#44;&nbsp; SR\u010cEK MOJ Majica BABY ANGEL VA&#8230; &euro;14.90 Izberite mo\u017enosti Micro krpice&#44;&nbsp; VESELJE Micro krpica za o\u010dal&#8230; &euro;2.40 Dodaj v ko\u0161arico Majice&#44;&nbsp; VESELJE Majica VARUH VE\u010cNOST&#8230; &euro;16.00 Izberite mo\u017enosti Majice&#44;&nbsp; SR\u010cEK MOJ Majica KIDS ANGEL VA&#8230; &euro;12.00 Izberite mo\u017enosti DOM&#44;&nbsp; SKODELICE Skodelica VARUH VE\u010cN&#8230; &euro;9.50 Dodaj v ko\u0161arico Slin\u010dki&#44;&nbsp; SR\u010cEK MOJ Slin\u010dek [&hellip;]<\/p>\n","protected":false},"author":15,"featured_media":0,"parent":0,"menu_order":0,"comment_status":"closed","ping_status":"closed","template":"elementor_header_footer","meta":{"footnotes":""},"class_list":["post-1257","page","type-page","status-publish","hentry","wpbf-post"],"_links":{"self":[{"href":"https:\/\/shop.museum-mb.si\/en\/wp-json\/wp\/v2\/pages\/1257","targetHints":{"allow":["GET"]}}],"collection":[{"href":"https:\/\/shop.museum-mb.si\/en\/wp-json\/wp\/v2\/pages"}],"about":[{"href":"https:\/\/shop.museum-mb.si\/en\/wp-json\/wp\/v2\/types\/page"}],"author":[{"embeddable":true,"href":"https:\/\/shop.museum-mb.si\/en\/wp-json\/wp\/v2\/users\/15"}],"replies":[{"embeddable":true,"href":"https:\/\/shop.museum-mb.si\/en\/wp-json\/wp\/v2\/comments?post=1257"}],"version-history":[{"count":6,"href":"https:\/\/shop.museum-mb.si\/en\/wp-json\/wp\/v2\/pages\/1257\/revisions"}],"predecessor-version":[{"id":2409,"href":"https:\/\/shop.museum-mb.si\/en\/wp-json\/wp\/v2\/pages\/1257\/revisions\/2409"}],"wp:attachment":[{"href":"https:\/\/shop.museum-mb.si\/en\/wp-json\/wp\/v2\/media?parent=1257"}],"curies":[{"name":"wp","href":"https:\/\/api.w.org\/{rel}","templated":true}]}}