{"id":2677,"date":"2022-06-16T12:13:59","date_gmt":"2022-06-16T10:13:59","guid":{"rendered":"https:\/\/shop.museum-mb.si\/?post_type=product&#038;p=2677"},"modified":"2025-06-05T08:56:39","modified_gmt":"2025-06-05T06:56:39","slug":"ogled-muzeja-in-degustacija-vina","status":"publish","type":"product","link":"https:\/\/shop.museum-mb.si\/en\/product\/ogled-muzeja-in-degustacija-vina\/","title":{"rendered":"OGLED MUZEJA NAJSTAREJ\u0160E TRTE NA SVETU IN DEGUSTACIJA VINA"},"content":{"rendered":"<p data-start=\"229\" data-end=\"464\"><strong data-start=\"229\" data-end=\"333\">Vabljeni na edinstveno do\u017eivetje v osr\u010dju mariborskega Lenta, kjer domuje najstarej\u0161a trta na svetu.<\/strong> Vstopite v Muzej najstarej\u0161e trte in odkrijte izjemno zgodbo ve\u010d kot 450 let stare vinske trte, ki \u0161e vedno rodi plemenite grozde.<\/p>\n<p data-start=\"466\" data-end=\"482\">Obisk vklju\u010duje:<\/p>\n<ul data-start=\"483\" data-end=\"859\">\n<li data-start=\"483\" data-end=\"585\">\n<p data-start=\"485\" data-end=\"585\">ogled stalne <strong data-start=\"498\" data-end=\"519\">muzejske razstave<\/strong>, ki osvetljuje zgodovino trte, njeno simboliko in globalni pomen,<\/p>\n<\/li>\n<li data-start=\"586\" data-end=\"655\">\n<p data-start=\"588\" data-end=\"655\">ogled <strong data-start=\"594\" data-end=\"624\">kratkega animiranega filma<\/strong>, primernega za vse generacije,<\/p>\n<\/li>\n<li data-start=\"656\" data-end=\"859\">\n<p data-start=\"658\" data-end=\"859\"><strong data-start=\"658\" data-end=\"691\">degustacijo Kralji\u010dinega vina<\/strong> \u2013 izbranega vina Vinske kraljice teko\u010dega leta, \u00a0ali <strong data-start=\"790\" data-end=\"806\">sadnega soka<\/strong> za mlaj\u0161e obiskovalce ali tiste, ki vina ne u\u017eivajo.<\/p>\n<\/li>\n<\/ul>\n<p data-start=\"861\" data-end=\"995\">Muzej se nahaja na Voja\u0161ni\u0161ki ulici 14 v neposredni bli\u017eini najstarej\u0161e trte &#8211; na Lentu, kjer se prepletajo bogata kulturna dedi\u0161\u010dina, zgodovina vina in lokalni ponos.<\/p>\n<p data-start=\"997\" data-end=\"1109\"><strong data-start=\"997\" data-end=\"1030\">Vstopnica velja za eno osebo.<\/strong><\/p>","protected":false},"excerpt":{"rendered":"<h1 class=\"product_title entry-title elementor-heading-title elementor-size-default\">OGLED MUZEJA NAJSTAREJ\u0160E TRTE NA SVETU IN DEGUSTACIJA VINA<\/h1>\n<p>PONUDBA VKLJU\u010cUJE: OGLED RAZSTAVE IN ANIMIRANEGA FILMA TER DEGUSTACIJO KRALJI\u010cINEGA VINA ALI SADNEGA SOKA (ZA 1 OSEBO)<\/p>","protected":false},"featured_media":2940,"template":"","meta":[],"product_brand":[],"product_cat":[18],"product_tag":[],"class_list":{"0":"post-2677","1":"product","2":"type-product","3":"status-publish","4":"has-post-thumbnail","6":"product_cat-n","7":"wpbf-post","10":"instock","11":"taxable","12":"shipping-taxable","13":"purchasable","14":"product-type-simple"},"_links":{"self":[{"href":"https:\/\/shop.museum-mb.si\/en\/wp-json\/wp\/v2\/product\/2677","targetHints":{"allow":["GET"]}}],"collection":[{"href":"https:\/\/shop.museum-mb.si\/en\/wp-json\/wp\/v2\/product"}],"about":[{"href":"https:\/\/shop.museum-mb.si\/en\/wp-json\/wp\/v2\/types\/product"}],"wp:featuredmedia":[{"embeddable":true,"href":"https:\/\/shop.museum-mb.si\/en\/wp-json\/wp\/v2\/media\/2940"}],"wp:attachment":[{"href":"https:\/\/shop.museum-mb.si\/en\/wp-json\/wp\/v2\/media?parent=2677"}],"wp:term":[{"taxonomy":"product_brand","embeddable":true,"href":"https:\/\/shop.museum-mb.si\/en\/wp-json\/wp\/v2\/product_brand?post=2677"},{"taxonomy":"product_cat","embeddable":true,"href":"https:\/\/shop.museum-mb.si\/en\/wp-json\/wp\/v2\/product_cat?post=2677"},{"taxonomy":"product_tag","embeddable":true,"href":"https:\/\/shop.museum-mb.si\/en\/wp-json\/wp\/v2\/product_tag?post=2677"}],"curies":[{"name":"wp","href":"https:\/\/api.w.org\/{rel}","templated":true}]}}