{"id":2697,"date":"2022-06-22T16:03:48","date_gmt":"2022-06-22T14:03:48","guid":{"rendered":"https:\/\/shop.museum-mb.si\/?post_type=product&#038;p=2697"},"modified":"2022-06-22T17:11:22","modified_gmt":"2022-06-22T15:11:22","slug":"razglednica-visoko-kolo-romana-pachnerja-ml","status":"publish","type":"product","link":"https:\/\/shop.museum-mb.si\/en\/product\/razglednica-visoko-kolo-romana-pachnerja-ml\/","title":{"rendered":"Razglednica Visoko kolo Romana Pachnerja ml."},"content":{"rendered":"","protected":false},"excerpt":{"rendered":"<p>Razglednica z motivom Visokega kolesa Romana Pachnerja ml., izdana 3. decembra 2019 v spomin na odprtje 5. dela nove stalne razstave Portret Me\u0161\u010danstva.<\/p>\n<p>Razstava\u00a0Portret me\u0161\u010danstva\u00a0postavlja v ospredje kulturno \u017eivljenje v Mariboru v 19. stoletju. Na eni strani izpostavlja \u017eivahno dru\u017eabno \u017eivljenje, ki so go v 19. stoletju narekovala \u0161tevilna dru\u0161tva, po drugi strani pa\u00a0 zrcali dru\u017ebene spremembe 19. stoletja, ki so vidne v urbanizmu, glasbi, narodnemu prebujanju in razhajanju, skrbi za jezik in za kulturno dedi\u0161\u010dino pokrajine.<\/p>","protected":false},"featured_media":2698,"template":"","meta":[],"product_brand":[],"product_cat":[74],"product_tag":[],"class_list":{"0":"post-2697","1":"product","2":"type-product","3":"status-publish","4":"has-post-thumbnail","6":"product_cat-razglednice","7":"wpbf-post","10":"instock","11":"taxable","12":"shipping-taxable","13":"purchasable","14":"product-type-simple"},"_links":{"self":[{"href":"https:\/\/shop.museum-mb.si\/en\/wp-json\/wp\/v2\/product\/2697","targetHints":{"allow":["GET"]}}],"collection":[{"href":"https:\/\/shop.museum-mb.si\/en\/wp-json\/wp\/v2\/product"}],"about":[{"href":"https:\/\/shop.museum-mb.si\/en\/wp-json\/wp\/v2\/types\/product"}],"wp:featuredmedia":[{"embeddable":true,"href":"https:\/\/shop.museum-mb.si\/en\/wp-json\/wp\/v2\/media\/2698"}],"wp:attachment":[{"href":"https:\/\/shop.museum-mb.si\/en\/wp-json\/wp\/v2\/media?parent=2697"}],"wp:term":[{"taxonomy":"product_brand","embeddable":true,"href":"https:\/\/shop.museum-mb.si\/en\/wp-json\/wp\/v2\/product_brand?post=2697"},{"taxonomy":"product_cat","embeddable":true,"href":"https:\/\/shop.museum-mb.si\/en\/wp-json\/wp\/v2\/product_cat?post=2697"},{"taxonomy":"product_tag","embeddable":true,"href":"https:\/\/shop.museum-mb.si\/en\/wp-json\/wp\/v2\/product_tag?post=2697"}],"curies":[{"name":"wp","href":"https:\/\/api.w.org\/{rel}","templated":true}]}}