{"id":2744,"date":"2022-07-30T15:03:15","date_gmt":"2022-07-30T13:03:15","guid":{"rendered":"https:\/\/shop.museum-mb.si\/?post_type=product&#038;p=2744"},"modified":"2022-08-04T12:55:02","modified_gmt":"2022-08-04T10:55:02","slug":"plakat-mariborski-grad-pozimi","status":"publish","type":"product","link":"https:\/\/shop.museum-mb.si\/en\/product\/plakat-mariborski-grad-pozimi\/","title":{"rendered":"PLAKAT MARIBORSKI GRAD POZIMI"},"content":{"rendered":"","protected":false},"excerpt":{"rendered":"<p>Neznani slikar, Grad v Mariboru, olje na platnu, za\u010detek 20. stoletja, Pokrajinski muzej Maribor.<\/p>\n<p>Dimenzija plakata: A2 (42 x 59,4 cm).<\/p>\n<p>Natisnjen v visoki lo\u010dljivosti in se pona\u0161a z visoko kvaliteto tiska. Za\u0161\u010diten je s tulcem.<\/p>","protected":false},"featured_media":2733,"template":"","meta":[],"product_brand":[],"product_cat":[43,128],"product_tag":[],"class_list":{"0":"post-2744","1":"product","2":"type-product","3":"status-publish","4":"has-post-thumbnail","6":"product_cat-dom","7":"product_cat-plakati","8":"wpbf-post","11":"instock","12":"taxable","13":"shipping-taxable","14":"purchasable","15":"product-type-simple"},"_links":{"self":[{"href":"https:\/\/shop.museum-mb.si\/en\/wp-json\/wp\/v2\/product\/2744","targetHints":{"allow":["GET"]}}],"collection":[{"href":"https:\/\/shop.museum-mb.si\/en\/wp-json\/wp\/v2\/product"}],"about":[{"href":"https:\/\/shop.museum-mb.si\/en\/wp-json\/wp\/v2\/types\/product"}],"wp:featuredmedia":[{"embeddable":true,"href":"https:\/\/shop.museum-mb.si\/en\/wp-json\/wp\/v2\/media\/2733"}],"wp:attachment":[{"href":"https:\/\/shop.museum-mb.si\/en\/wp-json\/wp\/v2\/media?parent=2744"}],"wp:term":[{"taxonomy":"product_brand","embeddable":true,"href":"https:\/\/shop.museum-mb.si\/en\/wp-json\/wp\/v2\/product_brand?post=2744"},{"taxonomy":"product_cat","embeddable":true,"href":"https:\/\/shop.museum-mb.si\/en\/wp-json\/wp\/v2\/product_cat?post=2744"},{"taxonomy":"product_tag","embeddable":true,"href":"https:\/\/shop.museum-mb.si\/en\/wp-json\/wp\/v2\/product_tag?post=2744"}],"curies":[{"name":"wp","href":"https:\/\/api.w.org\/{rel}","templated":true}]}}