{"id":2749,"date":"2022-07-30T16:08:57","date_gmt":"2022-07-30T14:08:57","guid":{"rendered":"https:\/\/shop.museum-mb.si\/?post_type=product&#038;p=2749"},"modified":"2022-08-04T12:53:30","modified_gmt":"2022-08-04T10:53:30","slug":"plakat-glavni-trg-z-dravsko-ulico-v-mariboru","status":"publish","type":"product","link":"https:\/\/shop.museum-mb.si\/en\/product\/plakat-glavni-trg-z-dravsko-ulico-v-mariboru\/","title":{"rendered":"PLAKAT GLAVNI TRG Z DRAVSKO ULICO V MARIBORU"},"content":{"rendered":"","protected":false},"excerpt":{"rendered":"<p>L. Albensberg, Glavni trg z Dravsko ulico v Mariboru, olje na platnu, za\u010detek 20. stoletja, Pokrajinski muzej Maribor.<\/p>\n<p>Dimenzija plakata: 42 x 52,5 cm.<\/p>\n<p>Natisnjen v visoki lo\u010dljivosti in se pona\u0161a z visoko kvaliteto tiska. Za\u0161\u010diten je s tulcem.<\/p>","protected":false},"featured_media":2737,"template":"","meta":[],"product_brand":[],"product_cat":[43,128],"product_tag":[],"class_list":{"0":"post-2749","1":"product","2":"type-product","3":"status-publish","4":"has-post-thumbnail","6":"product_cat-dom","7":"product_cat-plakati","8":"wpbf-post","11":"instock","12":"taxable","13":"shipping-taxable","14":"purchasable","15":"product-type-simple"},"_links":{"self":[{"href":"https:\/\/shop.museum-mb.si\/en\/wp-json\/wp\/v2\/product\/2749","targetHints":{"allow":["GET"]}}],"collection":[{"href":"https:\/\/shop.museum-mb.si\/en\/wp-json\/wp\/v2\/product"}],"about":[{"href":"https:\/\/shop.museum-mb.si\/en\/wp-json\/wp\/v2\/types\/product"}],"wp:featuredmedia":[{"embeddable":true,"href":"https:\/\/shop.museum-mb.si\/en\/wp-json\/wp\/v2\/media\/2737"}],"wp:attachment":[{"href":"https:\/\/shop.museum-mb.si\/en\/wp-json\/wp\/v2\/media?parent=2749"}],"wp:term":[{"taxonomy":"product_brand","embeddable":true,"href":"https:\/\/shop.museum-mb.si\/en\/wp-json\/wp\/v2\/product_brand?post=2749"},{"taxonomy":"product_cat","embeddable":true,"href":"https:\/\/shop.museum-mb.si\/en\/wp-json\/wp\/v2\/product_cat?post=2749"},{"taxonomy":"product_tag","embeddable":true,"href":"https:\/\/shop.museum-mb.si\/en\/wp-json\/wp\/v2\/product_tag?post=2749"}],"curies":[{"name":"wp","href":"https:\/\/api.w.org\/{rel}","templated":true}]}}