{"id":2911,"date":"2024-12-24T12:06:37","date_gmt":"2024-12-24T10:06:37","guid":{"rendered":"https:\/\/shop.museum-mb.si\/?post_type=product&#038;p=2911"},"modified":"2026-04-09T08:57:02","modified_gmt":"2026-04-09T06:57:02","slug":"knjiga-eduard-lind","status":"publish","type":"product","link":"https:\/\/shop.museum-mb.si\/en\/product\/knjiga-eduard-lind\/","title":{"rendered":"Knjiga Eduard Lind, slikar mariborskega me\u0161\u010danstva (1827-1904)"},"content":{"rendered":"<p>Monografija <em>Eduard Lind, slikar mariborskega me\u0161\u010danstva (1827\u20131904) <\/em>je iz\u0161la ob <a href=\"https:\/\/museum-mb.si\/dogodki\/razstava-mariborski-slikar-eduard-lind\/\" target=\"_blank\" rel=\"noopener\">ob\u010dasni razstavi <em>Mariborski slikar Eduard Lind<\/em><\/a> v Pokrajinskem muzeju Maribor. To delo ponuja poglobljen vpogled v \u017eivljenje in delo tega manj znanega slikarja. V knjigi, ki jo je napisala dr. Valentina Bevc Varl, kustodinja in umetnostna zgodovinarka Pokrajinskega muzeja Maribor, je temeljito obravnavana umetnikova \u017eivljenjska pot, njegov vpliv na mariborsko me\u0161\u010danstvo ter obse\u017een slikarski opus, ki obsega portrete, sakralna dela in krajine.<\/p>\n<p>Monografija se poglobi v Lindovo ustvarjanje skozi razli\u010dne tematske sklope, kot so skice, akvareli, sakralna slikarska dela, portreti cerkvenih dostojanstvenikov, mariborskih \u017eupanov in zaslu\u017enih me\u0161\u010danov, ter portreti za zasebne naro\u010dnike. Poleg tega prina\u0161a analizo Lindove slikarske manire, ki je v svojem \u010dasu uspe\u0161no konkurirala s sodobno fotografijo, in raziskuje, kako je njegov opus prispeval k vizualni kroniki mariborskega me\u0161\u010danstva.<\/p>\n<p>&nbsp;<\/p>","protected":false},"excerpt":{"rendered":"<p>Monografija Eduard Lind, slikar mariborskega me\u0161\u010danstva (1827\u20131904) je iz\u0161la ob ob\u010dasni razstavi Mariborski slikar Eduard Lind v Pokrajinskem muzeju Maribor. To delo ponuja poglobljen vpogled v \u017eivljenje in delo tega manj znanega slikarja. V knjigi, ki jo je napisala dr. Valentina Bevc Varl, kustodinja in umetnostna zgodovinarka Pokrajinskega muzeja Maribor, je temeljito obravnavana umetnikova \u017eivljenjska [&hellip;]<\/p>\n","protected":false},"featured_media":2989,"template":"","meta":[],"product_brand":[],"product_cat":[43,75],"product_tag":[32],"class_list":{"0":"post-2911","1":"product","2":"type-product","3":"status-publish","4":"has-post-thumbnail","6":"product_cat-dom","7":"product_cat-publikacije","8":"product_tag-mariborski-grad-maribor-castle","9":"wpbf-post","12":"instock","13":"purchasable","14":"product-type-simple","15":"wpbf-woo-has-gallery"},"_links":{"self":[{"href":"https:\/\/shop.museum-mb.si\/en\/wp-json\/wp\/v2\/product\/2911","targetHints":{"allow":["GET"]}}],"collection":[{"href":"https:\/\/shop.museum-mb.si\/en\/wp-json\/wp\/v2\/product"}],"about":[{"href":"https:\/\/shop.museum-mb.si\/en\/wp-json\/wp\/v2\/types\/product"}],"wp:featuredmedia":[{"embeddable":true,"href":"https:\/\/shop.museum-mb.si\/en\/wp-json\/wp\/v2\/media\/2989"}],"wp:attachment":[{"href":"https:\/\/shop.museum-mb.si\/en\/wp-json\/wp\/v2\/media?parent=2911"}],"wp:term":[{"taxonomy":"product_brand","embeddable":true,"href":"https:\/\/shop.museum-mb.si\/en\/wp-json\/wp\/v2\/product_brand?post=2911"},{"taxonomy":"product_cat","embeddable":true,"href":"https:\/\/shop.museum-mb.si\/en\/wp-json\/wp\/v2\/product_cat?post=2911"},{"taxonomy":"product_tag","embeddable":true,"href":"https:\/\/shop.museum-mb.si\/en\/wp-json\/wp\/v2\/product_tag?post=2911"}],"curies":[{"name":"wp","href":"https:\/\/api.w.org\/{rel}","templated":true}]}}