{"id":633,"date":"2020-09-17T22:58:38","date_gmt":"2020-09-17T20:58:38","guid":{"rendered":"http:\/\/shop.museum-mb.si\/?post_type=product&#038;p=633"},"modified":"2021-11-03T18:34:44","modified_gmt":"2021-11-03T16:34:44","slug":"micro-krpica-za-ocala-romantic-history-roze","status":"publish","type":"product","link":"https:\/\/shop.museum-mb.si\/en\/product\/micro-krpica-za-ocala-romantic-history-roze\/","title":{"rendered":"Micro cloth for glasses ROMANTIC HISTORY FLOWERS"},"content":{"rendered":"<p><span data-sheets-value=\"{&quot;1&quot;:2,&quot;2&quot;:&quot;Krpica iz mikrovlaken, je dovolj ne\u017ena, da z njimi ne opraskate razli\u010dnih slojev stekel, kljub temu pa lahko odstranite pra\u0161ne delce in oljne made\u017ee na va\u0161ih o\u010dalih. Ko se krpica uma\u017ee, jo lahko operete v pralnem stroju ali na roke, a pri tem ne uporabljajte meh\u010dalca. &quot;}\" data-sheets-userformat=\"{&quot;2&quot;:14781,&quot;3&quot;:{&quot;1&quot;:0,&quot;3&quot;:1},&quot;5&quot;:{&quot;1&quot;:[{&quot;1&quot;:2,&quot;2&quot;:0,&quot;5&quot;:{&quot;1&quot;:2,&quot;2&quot;:0}},{&quot;1&quot;:0,&quot;2&quot;:0,&quot;3&quot;:3},{&quot;1&quot;:1,&quot;2&quot;:0,&quot;4&quot;:1}]},&quot;6&quot;:{&quot;1&quot;:[{&quot;1&quot;:2,&quot;2&quot;:0,&quot;5&quot;:{&quot;1&quot;:2,&quot;2&quot;:0}},{&quot;1&quot;:0,&quot;2&quot;:0,&quot;3&quot;:3},{&quot;1&quot;:1,&quot;2&quot;:0,&quot;4&quot;:1}]},&quot;7&quot;:{&quot;1&quot;:[{&quot;1&quot;:2,&quot;2&quot;:0,&quot;5&quot;:{&quot;1&quot;:2,&quot;2&quot;:0}},{&quot;1&quot;:0,&quot;2&quot;:0,&quot;3&quot;:3},{&quot;1&quot;:1,&quot;2&quot;:0,&quot;4&quot;:1}]},&quot;8&quot;:{&quot;1&quot;:[{&quot;1&quot;:2,&quot;2&quot;:0,&quot;5&quot;:{&quot;1&quot;:2,&quot;2&quot;:0}},{&quot;1&quot;:0,&quot;2&quot;:0,&quot;3&quot;:3},{&quot;1&quot;:1,&quot;2&quot;:0,&quot;4&quot;:1}]},&quot;10&quot;:1,&quot;11&quot;:4,&quot;14&quot;:{&quot;1&quot;:2,&quot;2&quot;:0},&quot;15&quot;:&quot;Calibri&quot;,&quot;16&quot;:11}\">Krpica iz mikrovlaken, je dovolj ne\u017ena, da z njimi ne opraskate razli\u010dnih slojev stekel, kljub temu pa lahko odstranite pra\u0161ne delce in oljne made\u017ee na va\u0161ih o\u010dalih. Ko se krpica uma\u017ee, jo lahko operete v pralnem stroju ali na roke, a pri tem ne uporabljajte meh\u010dalca. <\/span><\/p>\n","protected":false},"excerpt":{"rendered":"<p><span data-sheets-value=\"{&quot;1&quot;:2,&quot;2&quot;:&quot;Krpica za \u010di\u0161\u010denje o\u010dal dimenzije 18 \u00d7 14,5 cm.&quot;}\" data-sheets-userformat=\"{&quot;2&quot;:14465,&quot;3&quot;:{&quot;1&quot;:0,&quot;3&quot;:1},&quot;10&quot;:1,&quot;14&quot;:{&quot;1&quot;:2,&quot;2&quot;:5000268},&quot;15&quot;:&quot;Arial&quot;,&quot;16&quot;:10}\">Glasses cleaning cloth.<\/span><\/p>\n<p><span data-sheets-value=\"{&quot;1&quot;:2,&quot;2&quot;:&quot;Krpica za \u010di\u0161\u010denje o\u010dal dimenzije 18 \u00d7 14,5 cm.&quot;}\" data-sheets-userformat=\"{&quot;2&quot;:14465,&quot;3&quot;:{&quot;1&quot;:0,&quot;3&quot;:1},&quot;10&quot;:1,&quot;14&quot;:{&quot;1&quot;:2,&quot;2&quot;:5000268},&quot;15&quot;:&quot;Arial&quot;,&quot;16&quot;:10}\">Dimensions 18 \u00d7 14.5 cm.<\/span><\/p>","protected":false},"featured_media":1524,"template":"","meta":[],"product_brand":[],"product_cat":[52,40],"product_tag":[35],"class_list":{"0":"post-633","1":"product","2":"type-product","3":"status-publish","4":"has-post-thumbnail","6":"product_cat-micro-krpica","7":"product_cat-veselje","8":"product_tag-romantic-history","9":"wpbf-post","12":"outofstock","13":"taxable","14":"shipping-taxable","15":"purchasable","16":"product-type-simple"},"_links":{"self":[{"href":"https:\/\/shop.museum-mb.si\/en\/wp-json\/wp\/v2\/product\/633","targetHints":{"allow":["GET"]}}],"collection":[{"href":"https:\/\/shop.museum-mb.si\/en\/wp-json\/wp\/v2\/product"}],"about":[{"href":"https:\/\/shop.museum-mb.si\/en\/wp-json\/wp\/v2\/types\/product"}],"wp:featuredmedia":[{"embeddable":true,"href":"https:\/\/shop.museum-mb.si\/en\/wp-json\/wp\/v2\/media\/1524"}],"wp:attachment":[{"href":"https:\/\/shop.museum-mb.si\/en\/wp-json\/wp\/v2\/media?parent=633"}],"wp:term":[{"taxonomy":"product_brand","embeddable":true,"href":"https:\/\/shop.museum-mb.si\/en\/wp-json\/wp\/v2\/product_brand?post=633"},{"taxonomy":"product_cat","embeddable":true,"href":"https:\/\/shop.museum-mb.si\/en\/wp-json\/wp\/v2\/product_cat?post=633"},{"taxonomy":"product_tag","embeddable":true,"href":"https:\/\/shop.museum-mb.si\/en\/wp-json\/wp\/v2\/product_tag?post=633"}],"curies":[{"name":"wp","href":"https:\/\/api.w.org\/{rel}","templated":true}]}}