{"id":891,"date":"2020-09-18T13:25:23","date_gmt":"2020-09-18T11:25:23","guid":{"rendered":"http:\/\/shop.museum-mb.si\/?post_type=product&#038;p=891"},"modified":"2020-10-21T16:09:16","modified_gmt":"2020-10-21T14:09:16","slug":"okraski-ceveljcki-rocno-delo-razlicni-modeli","status":"publish","type":"product","link":"https:\/\/shop.museum-mb.si\/en\/product\/okraski-ceveljcki-rocno-delo-razlicni-modeli\/","title":{"rendered":"Decorations SHOES, handmade, different models"},"content":{"rendered":"<p><span data-sheets-value=\"{&quot;1&quot;:2,&quot;2&quot;:&quot;Za polep\u0161anje va\u0161ega doma smo v sodelovanju z ZUDV Dornava za vas pripravili razli\u010dne ro\u010dno izdelane \u010develj\u010dke. Tematiko smo \u010drpali iz znamenite legende o \u010devljar\u010dku, ki je re\u0161il mesto Maribor pred Turki. &quot;}\" data-sheets-userformat=\"{&quot;2&quot;:14781,&quot;3&quot;:{&quot;1&quot;:0,&quot;3&quot;:1},&quot;5&quot;:{&quot;1&quot;:[{&quot;1&quot;:2,&quot;2&quot;:0,&quot;5&quot;:{&quot;1&quot;:2,&quot;2&quot;:0}},{&quot;1&quot;:0,&quot;2&quot;:0,&quot;3&quot;:3},{&quot;1&quot;:1,&quot;2&quot;:0,&quot;4&quot;:1}]},&quot;6&quot;:{&quot;1&quot;:[{&quot;1&quot;:2,&quot;2&quot;:0,&quot;5&quot;:{&quot;1&quot;:2,&quot;2&quot;:0}},{&quot;1&quot;:0,&quot;2&quot;:0,&quot;3&quot;:3},{&quot;1&quot;:1,&quot;2&quot;:0,&quot;4&quot;:1}]},&quot;7&quot;:{&quot;1&quot;:[{&quot;1&quot;:2,&quot;2&quot;:0,&quot;5&quot;:{&quot;1&quot;:2,&quot;2&quot;:0}},{&quot;1&quot;:0,&quot;2&quot;:0,&quot;3&quot;:3},{&quot;1&quot;:1,&quot;2&quot;:0,&quot;4&quot;:1}]},&quot;8&quot;:{&quot;1&quot;:[{&quot;1&quot;:2,&quot;2&quot;:0,&quot;5&quot;:{&quot;1&quot;:2,&quot;2&quot;:0}},{&quot;1&quot;:0,&quot;2&quot;:0,&quot;3&quot;:3},{&quot;1&quot;:1,&quot;2&quot;:0,&quot;4&quot;:1}]},&quot;10&quot;:1,&quot;11&quot;:4,&quot;14&quot;:{&quot;1&quot;:2,&quot;2&quot;:0},&quot;15&quot;:&quot;Calibri&quot;,&quot;16&quot;:11}\">Za polep\u0161anje va\u0161ega doma smo v sodelovanju z ZUDV Dornava za vas pripravili razli\u010dne ro\u010dno izdelane \u010develj\u010dke. Tematiko smo \u010drpali iz znamenite legende o \u010devljar\u010dku, ki je re\u0161il mesto Maribor pred Turki. <\/span><\/p>\n","protected":false},"excerpt":{"rendered":"<p>Ceramic shoe, unique and handmade.<\/p>","protected":false},"featured_media":1079,"template":"","meta":[],"product_brand":[],"product_cat":[43,76],"product_tag":[32],"class_list":{"0":"post-891","1":"product","2":"type-product","3":"status-publish","4":"has-post-thumbnail","6":"product_cat-dom","7":"product_cat-okraski","8":"product_tag-mariborski-grad-maribor-castle","9":"wpbf-post","12":"instock","13":"taxable","14":"shipping-taxable","15":"purchasable","16":"product-type-simple"},"_links":{"self":[{"href":"https:\/\/shop.museum-mb.si\/en\/wp-json\/wp\/v2\/product\/891","targetHints":{"allow":["GET"]}}],"collection":[{"href":"https:\/\/shop.museum-mb.si\/en\/wp-json\/wp\/v2\/product"}],"about":[{"href":"https:\/\/shop.museum-mb.si\/en\/wp-json\/wp\/v2\/types\/product"}],"wp:featuredmedia":[{"embeddable":true,"href":"https:\/\/shop.museum-mb.si\/en\/wp-json\/wp\/v2\/media\/1079"}],"wp:attachment":[{"href":"https:\/\/shop.museum-mb.si\/en\/wp-json\/wp\/v2\/media?parent=891"}],"wp:term":[{"taxonomy":"product_brand","embeddable":true,"href":"https:\/\/shop.museum-mb.si\/en\/wp-json\/wp\/v2\/product_brand?post=891"},{"taxonomy":"product_cat","embeddable":true,"href":"https:\/\/shop.museum-mb.si\/en\/wp-json\/wp\/v2\/product_cat?post=891"},{"taxonomy":"product_tag","embeddable":true,"href":"https:\/\/shop.museum-mb.si\/en\/wp-json\/wp\/v2\/product_tag?post=891"}],"curies":[{"name":"wp","href":"https:\/\/api.w.org\/{rel}","templated":true}]}}